{"id":3837,"date":"2024-11-19T12:39:13","date_gmt":"2024-11-19T11:39:13","guid":{"rendered":"https:\/\/wave4youthwork.eu\/impronta\/"},"modified":"2026-01-20T22:17:39","modified_gmt":"2026-01-20T21:17:39","slug":"impronta","status":"publish","type":"page","link":"https:\/\/wave4youthwork.eu\/it\/impronta\/","title":{"rendered":"Impronta"},"content":{"rendered":"\t\t<div data-elementor-type=\"wp-page\" data-elementor-id=\"3837\" class=\"elementor elementor-3837 elementor-2515\" data-elementor-post-type=\"page\">\n\t\t\t\t<div class=\"elementor-element elementor-element-ef4e78c e-flex e-con-boxed e-con e-parent\" data-id=\"ef4e78c\" data-element_type=\"container\" data-e-type=\"container\">\n\t\t\t\t\t<div class=\"e-con-inner\">\n\t\t\t\t<div class=\"elementor-element elementor-element-2445771 elementor-absolute elementor-widget elementor-widget-button\" data-id=\"2445771\" data-element_type=\"widget\" data-e-type=\"widget\" data-settings=\"{&quot;_position&quot;:&quot;absolute&quot;,&quot;sticky&quot;:&quot;top&quot;,&quot;sticky_on&quot;:[&quot;desktop&quot;,&quot;tablet&quot;,&quot;mobile&quot;],&quot;sticky_offset&quot;:0,&quot;sticky_effects_offset&quot;:0,&quot;sticky_anchor_link_offset&quot;:0}\" data-widget_type=\"button.default\">\n\t\t\t\t<div class=\"elementor-widget-container\">\n\t\t\t\t\t\t\t\t\t<div class=\"elementor-button-wrapper\">\n\t\t\t\t\t<a class=\"elementor-button elementor-button-link elementor-size-sm elementor-animation-shrink\" href=\"https:\/\/wave4youthwork.eu\/it\/\">\n\t\t\t\t\t\t<span class=\"elementor-button-content-wrapper\">\n\t\t\t\t\t\t\t\t\t<span class=\"elementor-button-text\">alla pagina iniziale<\/span>\n\t\t\t\t\t<\/span>\n\t\t\t\t\t<\/a>\n\t\t\t\t<\/div>\n\t\t\t\t\t\t\t\t<\/div>\n\t\t\t\t<\/div>\n\t\t\t\t<div class=\"elementor-element elementor-element-7661ac0 elementor-widget elementor-widget-text-editor\" data-id=\"7661ac0\" data-element_type=\"widget\" data-e-type=\"widget\" data-widget_type=\"text-editor.default\">\n\t\t\t\t<div class=\"elementor-widget-container\">\n\t\t\t\t\t\t\t\t\t<h1>Impronta<\/h1>\n\n<p>Jama Nyeta e.V. &#8211; Gemeinsam entwickeln &#8211; Unterst\u00fctzen &#8211; Neues Schaffen<br>Goebenstra\u00dfe 10<br>50672 K\u00f6ln<\/p>\n\n<p>Registro delle Associazioni: [Nummer des Registereintrags]<br>Tribunale di registrazione: [Nome del tribunale di registrazione]<\/p>\n\n<p><strong>Rappresentato da:<\/strong><br>Gemeinschaftlich vertretungsberechtigt:<br>Gesch\u00e4ftsf\u00fchrer: Mouhamadou Sissoko<\/p>\n\n<h2>Contatto<\/h2>\n<p>Telefono: +49 (0) 221 7099 4522<br>E-mail: info@jamanyeta.org<\/p>\n\n<h2>Persona responsabile della redazione<\/h2>\n<p>Mouhamadou Sissoko (Gesch\u00e4ftsf\u00fchrer)<br>Goebenstra\u00dfe 10-12<br>50672 K\u00f6ln<\/p>\n\n<h2>Risoluzione delle controversie nell&#8217;UE<\/h2>\n<p>La Commissione europea mette a disposizione una piattaforma per la risoluzione delle controversie online (ODR): <a href=\"https:\/\/ec.europa.eu\/consumers\/odr\/\" target=\"_blank\" rel=\"noopener noreferrer\">https:\/\/ec.europa.eu\/consumers\/odr\/.<\/a><br> Il nostro indirizzo e-mail \u00e8 riportato nella nota del sito.<\/p>\n\n<h2>Procedura di risoluzione delle controversie davanti a un collegio arbitrale dei consumatori<\/h2>\n<p>Non siamo disposti o obbligati a partecipare a procedure di risoluzione delle controversie davanti a un collegio arbitrale dei consumatori.<\/p>\t\t\t\t\t\t\t\t<\/div>\n\t\t\t\t<\/div>\n\t\t\t\t<div class=\"elementor-element elementor-element-54ccbfa elementor-widget elementor-widget-text-editor\" data-id=\"54ccbfa\" data-element_type=\"widget\" data-e-type=\"widget\" data-widget_type=\"text-editor.default\">\n\t\t\t\t<div class=\"elementor-widget-container\">\n\t\t\t\t\t\t\t\t\t<p><strong>Ideazione, progettazione e realizzazione grafica:<\/strong><br><a href=\"https:\/\/weckdesign.de\/\" target=\"_blank\" rel=\"noreferrer noopener\">www.weckdesign.de,<\/a> Frederik Weck<\/p>\n\t\t\t\t\t\t\t\t<\/div>\n\t\t\t\t<\/div>\n\t\t\t\t\t<\/div>\n\t\t\t\t<\/div>\n\t\t\t\t<\/div>\n\t\t","protected":false},"excerpt":{"rendered":"<p>alla pagina iniziale Impronta Jama Nyeta e.V. &#8211; Gemeinsam entwickeln &#8211; Unterst\u00fctzen &#8211; Neues SchaffenGoebenstra\u00dfe 1050672 K\u00f6ln Registro delle Associazioni: [Nummer des Registereintrags]Tribunale di registrazione: [Nome del tribunale di registrazione] Rappresentato da:Gemeinschaftlich vertretungsberechtigt:Gesch\u00e4ftsf\u00fchrer: Mouhamadou Sissoko Contatto Telefono: +49 (0) 221 7099 4522E-mail: info@jamanyeta.org Persona responsabile della redazione Mouhamadou Sissoko (Gesch\u00e4ftsf\u00fchrer)Goebenstra\u00dfe 10-1250672 K\u00f6ln Risoluzione delle controversie [&hellip;]<\/p>\n","protected":false},"author":1,"featured_media":0,"parent":0,"menu_order":0,"comment_status":"closed","ping_status":"closed","template":"elementor_canvas","meta":{"site-sidebar-layout":"no-sidebar","site-content-layout":"page-builder","ast-site-content-layout":"full-width-container","site-content-style":"default","site-sidebar-style":"default","ast-global-header-display":"","ast-banner-title-visibility":"","ast-main-header-display":"","ast-hfb-above-header-display":"","ast-hfb-below-header-display":"","ast-hfb-mobile-header-display":"","site-post-title":"disabled","ast-breadcrumbs-content":"","ast-featured-img":"disabled","footer-sml-layout":"","ast-disable-related-posts":"","theme-transparent-header-meta":"","adv-header-id-meta":"","stick-header-meta":"","header-above-stick-meta":"","header-main-stick-meta":"","header-below-stick-meta":"","astra-migrate-meta-layouts":"default","ast-page-background-enabled":"default","ast-page-background-meta":{"desktop":{"background-color":"var(--ast-global-color-4)","background-image":"","background-repeat":"repeat","background-position":"center center","background-size":"auto","background-attachment":"scroll","background-type":"","background-media":"","overlay-type":"","overlay-color":"","overlay-opacity":"","overlay-gradient":""},"tablet":{"background-color":"","background-image":"","background-repeat":"repeat","background-position":"center center","background-size":"auto","background-attachment":"scroll","background-type":"","background-media":"","overlay-type":"","overlay-color":"","overlay-opacity":"","overlay-gradient":""},"mobile":{"background-color":"","background-image":"","background-repeat":"repeat","background-position":"center center","background-size":"auto","background-attachment":"scroll","background-type":"","background-media":"","overlay-type":"","overlay-color":"","overlay-opacity":"","overlay-gradient":""}},"ast-content-background-meta":{"desktop":{"background-color":"var(--ast-global-color-5)","background-image":"","background-repeat":"repeat","background-position":"center center","background-size":"auto","background-attachment":"scroll","background-type":"","background-media":"","overlay-type":"","overlay-color":"","overlay-opacity":"","overlay-gradient":""},"tablet":{"background-color":"var(--ast-global-color-5)","background-image":"","background-repeat":"repeat","background-position":"center center","background-size":"auto","background-attachment":"scroll","background-type":"","background-media":"","overlay-type":"","overlay-color":"","overlay-opacity":"","overlay-gradient":""},"mobile":{"background-color":"var(--ast-global-color-5)","background-image":"","background-repeat":"repeat","background-position":"center center","background-size":"auto","background-attachment":"scroll","background-type":"","background-media":"","overlay-type":"","overlay-color":"","overlay-opacity":"","overlay-gradient":""}},"footnotes":""},"class_list":["post-3837","page","type-page","status-publish","hentry"],"_links":{"self":[{"href":"https:\/\/wave4youthwork.eu\/it\/wp-json\/wp\/v2\/pages\/3837","targetHints":{"allow":["GET"]}}],"collection":[{"href":"https:\/\/wave4youthwork.eu\/it\/wp-json\/wp\/v2\/pages"}],"about":[{"href":"https:\/\/wave4youthwork.eu\/it\/wp-json\/wp\/v2\/types\/page"}],"author":[{"embeddable":true,"href":"https:\/\/wave4youthwork.eu\/it\/wp-json\/wp\/v2\/users\/1"}],"replies":[{"embeddable":true,"href":"https:\/\/wave4youthwork.eu\/it\/wp-json\/wp\/v2\/comments?post=3837"}],"version-history":[{"count":1,"href":"https:\/\/wave4youthwork.eu\/it\/wp-json\/wp\/v2\/pages\/3837\/revisions"}],"predecessor-version":[{"id":3841,"href":"https:\/\/wave4youthwork.eu\/it\/wp-json\/wp\/v2\/pages\/3837\/revisions\/3841"}],"wp:attachment":[{"href":"https:\/\/wave4youthwork.eu\/it\/wp-json\/wp\/v2\/media?parent=3837"}],"curies":[{"name":"wp","href":"https:\/\/api.w.org\/{rel}","templated":true}]}}