{"id":3896,"date":"2024-11-19T12:39:13","date_gmt":"2024-11-19T11:39:13","guid":{"rendered":"https:\/\/wave4youthwork.eu\/%ce%b5%ce%ba%cf%84%cf%8d%cf%80%cf%89%cf%83%ce%b7\/"},"modified":"2026-01-20T22:18:09","modified_gmt":"2026-01-20T21:18:09","slug":"%ce%b5%ce%ba%cf%84%cf%8d%cf%80%cf%89%cf%83%ce%b7","status":"publish","type":"page","link":"https:\/\/wave4youthwork.eu\/el\/%ce%b5%ce%ba%cf%84%cf%8d%cf%80%cf%89%cf%83%ce%b7\/","title":{"rendered":"\u0395\u03ba\u03c4\u03cd\u03c0\u03c9\u03c3\u03b7"},"content":{"rendered":"\t\t<div data-elementor-type=\"wp-page\" data-elementor-id=\"3896\" class=\"elementor elementor-3896 elementor-2515\" data-elementor-post-type=\"page\">\n\t\t\t\t<div class=\"elementor-element elementor-element-ef4e78c e-flex e-con-boxed e-con e-parent\" data-id=\"ef4e78c\" data-element_type=\"container\" data-e-type=\"container\">\n\t\t\t\t\t<div class=\"e-con-inner\">\n\t\t\t\t<div class=\"elementor-element elementor-element-2445771 elementor-absolute elementor-widget elementor-widget-button\" data-id=\"2445771\" data-element_type=\"widget\" data-e-type=\"widget\" data-settings=\"{&quot;_position&quot;:&quot;absolute&quot;,&quot;sticky&quot;:&quot;top&quot;,&quot;sticky_on&quot;:[&quot;desktop&quot;,&quot;tablet&quot;,&quot;mobile&quot;],&quot;sticky_offset&quot;:0,&quot;sticky_effects_offset&quot;:0,&quot;sticky_anchor_link_offset&quot;:0}\" data-widget_type=\"button.default\">\n\t\t\t\t<div class=\"elementor-widget-container\">\n\t\t\t\t\t\t\t\t\t<div class=\"elementor-button-wrapper\">\n\t\t\t\t\t<a class=\"elementor-button elementor-button-link elementor-size-sm elementor-animation-shrink\" href=\"https:\/\/wave4youthwork.eu\/el\/\">\n\t\t\t\t\t\t<span class=\"elementor-button-content-wrapper\">\n\t\t\t\t\t\t\t\t\t<span class=\"elementor-button-text\">\u03c3\u03c4\u03b7\u03bd \u03b1\u03c1\u03c7\u03b9\u03ba\u03ae \u03c3\u03b5\u03bb\u03af\u03b4\u03b1<\/span>\n\t\t\t\t\t<\/span>\n\t\t\t\t\t<\/a>\n\t\t\t\t<\/div>\n\t\t\t\t\t\t\t\t<\/div>\n\t\t\t\t<\/div>\n\t\t\t\t<div class=\"elementor-element elementor-element-7661ac0 elementor-widget elementor-widget-text-editor\" data-id=\"7661ac0\" data-element_type=\"widget\" data-e-type=\"widget\" data-widget_type=\"text-editor.default\">\n\t\t\t\t<div class=\"elementor-widget-container\">\n\t\t\t\t\t\t\t\t\t<h1>\u0395\u03ba\u03c4\u03cd\u03c0\u03c9\u03c3\u03b7<\/h1>\n\n<p>Jama Nyeta e.V. &#8211; Gemeinsam entwickeln &#8211; Unterst\u00fctzen &#8211; Neues Schaffen<br>Goebenstra\u00dfe 10<br>50672 K\u00f6ln<\/p>\n\n<p>\u039c\u03b7\u03c4\u03c1\u03ce\u03bf \u03a3\u03c5\u03bb\u03bb\u03cc\u03b3\u03c9\u03bd: [Nummer des Registereintrags]<br>\u0394\u03b9\u03ba\u03b1\u03c3\u03c4\u03ae\u03c1\u03b9\u03bf \u03b5\u03b3\u03b3\u03c1\u03b1\u03c6\u03ae\u03c2: [Name des Registergerichts]<\/p>\n\n<p><strong>\u0395\u03ba\u03c0\u03c1\u03bf\u03c3\u03c9\u03c0\u03b5\u03af\u03c4\u03b1\u03b9 \u03b1\u03c0\u03cc:<\/strong><br>Gemeinschaftlich vertretungsberechtigt:<br>Gesch\u00e4ftsf\u00fchrer: Mouhamadou Sissoko<\/p>\n\n<h2>\u0395\u03c0\u03b9\u03ba\u03bf\u03b9\u03bd\u03c9\u03bd\u03af\u03b1<\/h2>\n<p>\u03a4\u03b7\u03bb\u03ad\u03c6\u03c9\u03bd\u03bf: +<br>E-mail: info@jamanyeta.org<\/p>\n\n<h2>\u03a5\u03c0\u03b5\u03cd\u03b8\u03c5\u03bd\u03bf\u03c2 \u03c3\u03cd\u03bd\u03c4\u03b1\u03be\u03b7\u03c2<\/h2>\n<p>Mouhamadou Sissoko (Gesch\u00e4ftsf\u00fchrer)<br>Goebenstra\u00dfe 10-12<br>50672 K\u00f6ln<\/p>\n\n<h2>\u0395\u03c0\u03af\u03bb\u03c5\u03c3\u03b7 \u03b4\u03b9\u03b1\u03c6\u03bf\u03c1\u03ce\u03bd \u03c3\u03c4\u03b7\u03bd \u0395\u0395<\/h2>\n<p>\u0397 \u0395\u03c5\u03c1\u03c9\u03c0\u03b1\u03ca\u03ba\u03ae \u0395\u03c0\u03b9\u03c4\u03c1\u03bf\u03c0\u03ae \u03c0\u03b1\u03c1\u03ad\u03c7\u03b5\u03b9 \u03bc\u03b9\u03b1 \u03c0\u03bb\u03b1\u03c4\u03c6\u03cc\u03c1\u03bc\u03b1 \u03b3\u03b9\u03b1 \u03c4\u03b7\u03bd \u03b7\u03bb\u03b5\u03ba\u03c4\u03c1\u03bf\u03bd\u03b9\u03ba\u03ae \u03b5\u03c0\u03af\u03bb\u03c5\u03c3\u03b7 \u03b4\u03b9\u03b1\u03c6\u03bf\u03c1\u03ce\u03bd (ODR): <a href=\"https:\/\/ec.europa.eu\/consumers\/odr\/\" target=\"_blank\" rel=\"noopener noreferrer\">https:\/\/ec.europa.eu\/consumers\/odr\/.<\/a><br> \u0397 \u03b4\u03b9\u03b5\u03cd\u03b8\u03c5\u03bd\u03c3\u03b7 \u03b7\u03bb\u03b5\u03ba\u03c4\u03c1\u03bf\u03bd\u03b9\u03ba\u03bf\u03cd \u03c4\u03b1\u03c7\u03c5\u03b4\u03c1\u03bf\u03bc\u03b5\u03af\u03bf\u03c5 \u03bc\u03b1\u03c2 \u03b2\u03c1\u03af\u03c3\u03ba\u03b5\u03c4\u03b1\u03b9 \u03c0\u03b1\u03c1\u03b1\u03c0\u03ac\u03bd\u03c9 \u03c3\u03c4\u03b7\u03bd \u03b5\u03b9\u03b4\u03bf\u03c0\u03bf\u03af\u03b7\u03c3\u03b7 \u03c4\u03bf\u03c5 \u03b9\u03c3\u03c4\u03cc\u03c4\u03bf\u03c0\u03bf\u03c5.<\/p>\n\n<h2>\u0394\u03b9\u03b1\u03b4\u03b9\u03ba\u03b1\u03c3\u03af\u03b1 \u03b5\u03c0\u03af\u03bb\u03c5\u03c3\u03b7\u03c2 \u03b4\u03b9\u03b1\u03c6\u03bf\u03c1\u03ce\u03bd \u03b5\u03bd\u03ce\u03c0\u03b9\u03bf\u03bd \u03b5\u03c0\u03b9\u03c4\u03c1\u03bf\u03c0\u03ae\u03c2 \u03b4\u03b9\u03b1\u03b9\u03c4\u03b7\u03c3\u03af\u03b1\u03c2 \u03ba\u03b1\u03c4\u03b1\u03bd\u03b1\u03bb\u03c9\u03c4\u03ce\u03bd<\/h2>\n<p>\u0394\u03b5\u03bd \u03b5\u03af\u03bc\u03b1\u03c3\u03c4\u03b5 \u03c0\u03c1\u03cc\u03b8\u03c5\u03bc\u03bf\u03b9 \u03ae \u03c5\u03c0\u03bf\u03c7\u03c1\u03b5\u03c9\u03bc\u03ad\u03bd\u03bf\u03b9 \u03bd\u03b1 \u03c3\u03c5\u03bc\u03bc\u03b5\u03c4\u03ac\u03c3\u03c7\u03bf\u03c5\u03bc\u03b5 \u03c3\u03b5 \u03b4\u03b9\u03b1\u03b4\u03b9\u03ba\u03b1\u03c3\u03af\u03b5\u03c2 \u03b5\u03c0\u03af\u03bb\u03c5\u03c3\u03b7\u03c2 \u03b4\u03b9\u03b1\u03c6\u03bf\u03c1\u03ce\u03bd \u03b5\u03bd\u03ce\u03c0\u03b9\u03bf\u03bd \u03b5\u03c0\u03b9\u03c4\u03c1\u03bf\u03c0\u03ae\u03c2 \u03b4\u03b9\u03b1\u03b9\u03c4\u03b7\u03c3\u03af\u03b1\u03c2 \u03ba\u03b1\u03c4\u03b1\u03bd\u03b1\u03bb\u03c9\u03c4\u03ce\u03bd.<\/p>\t\t\t\t\t\t\t\t<\/div>\n\t\t\t\t<\/div>\n\t\t\t\t<div class=\"elementor-element elementor-element-54ccbfa elementor-widget elementor-widget-text-editor\" data-id=\"54ccbfa\" data-element_type=\"widget\" data-e-type=\"widget\" data-widget_type=\"text-editor.default\">\n\t\t\t\t<div class=\"elementor-widget-container\">\n\t\t\t\t\t\t\t\t\t<p><strong>\u0393\u03c1\u03b1\u03c6\u03b9\u03ba\u03ae \u03c3\u03cd\u03bb\u03bb\u03b7\u03c8\u03b7, \u03c3\u03c7\u03b5\u03b4\u03b9\u03b1\u03c3\u03bc\u03cc\u03c2 \u03ba\u03b1\u03b9 \u03c5\u03bb\u03bf\u03c0\u03bf\u03af\u03b7\u03c3\u03b7:<\/strong><br><a href=\"https:\/\/weckdesign.de\/\" target=\"_blank\" rel=\"noreferrer noopener\">www.weckdesign.de,<\/a> Frederik Weck<\/p>\n\t\t\t\t\t\t\t\t<\/div>\n\t\t\t\t<\/div>\n\t\t\t\t\t<\/div>\n\t\t\t\t<\/div>\n\t\t\t\t<\/div>\n\t\t","protected":false},"excerpt":{"rendered":"<p>\u03c3\u03c4\u03b7\u03bd \u03b1\u03c1\u03c7\u03b9\u03ba\u03ae \u03c3\u03b5\u03bb\u03af\u03b4\u03b1 \u0395\u03ba\u03c4\u03cd\u03c0\u03c9\u03c3\u03b7 Jama Nyeta e.V. &#8211; Gemeinsam entwickeln &#8211; Unterst\u00fctzen &#8211; Neues SchaffenGoebenstra\u00dfe 1050672 K\u00f6ln \u039c\u03b7\u03c4\u03c1\u03ce\u03bf \u03a3\u03c5\u03bb\u03bb\u03cc\u03b3\u03c9\u03bd: [Nummer des Registereintrags]\u0394\u03b9\u03ba\u03b1\u03c3\u03c4\u03ae\u03c1\u03b9\u03bf \u03b5\u03b3\u03b3\u03c1\u03b1\u03c6\u03ae\u03c2: [Name des Registergerichts] \u0395\u03ba\u03c0\u03c1\u03bf\u03c3\u03c9\u03c0\u03b5\u03af\u03c4\u03b1\u03b9 \u03b1\u03c0\u03cc:Gemeinschaftlich vertretungsberechtigt:Gesch\u00e4ftsf\u00fchrer: Mouhamadou Sissoko \u0395\u03c0\u03b9\u03ba\u03bf\u03b9\u03bd\u03c9\u03bd\u03af\u03b1 \u03a4\u03b7\u03bb\u03ad\u03c6\u03c9\u03bd\u03bf: +E-mail: info@jamanyeta.org \u03a5\u03c0\u03b5\u03cd\u03b8\u03c5\u03bd\u03bf\u03c2 \u03c3\u03cd\u03bd\u03c4\u03b1\u03be\u03b7\u03c2 Mouhamadou Sissoko (Gesch\u00e4ftsf\u00fchrer)Goebenstra\u00dfe 10-1250672 K\u00f6ln \u0395\u03c0\u03af\u03bb\u03c5\u03c3\u03b7 \u03b4\u03b9\u03b1\u03c6\u03bf\u03c1\u03ce\u03bd \u03c3\u03c4\u03b7\u03bd \u0395\u0395 \u0397 \u0395\u03c5\u03c1\u03c9\u03c0\u03b1\u03ca\u03ba\u03ae \u0395\u03c0\u03b9\u03c4\u03c1\u03bf\u03c0\u03ae \u03c0\u03b1\u03c1\u03ad\u03c7\u03b5\u03b9 \u03bc\u03b9\u03b1 \u03c0\u03bb\u03b1\u03c4\u03c6\u03cc\u03c1\u03bc\u03b1 \u03b3\u03b9\u03b1 \u03c4\u03b7\u03bd \u03b7\u03bb\u03b5\u03ba\u03c4\u03c1\u03bf\u03bd\u03b9\u03ba\u03ae [&hellip;]<\/p>\n","protected":false},"author":1,"featured_media":0,"parent":0,"menu_order":0,"comment_status":"closed","ping_status":"closed","template":"elementor_canvas","meta":{"site-sidebar-layout":"no-sidebar","site-content-layout":"page-builder","ast-site-content-layout":"full-width-container","site-content-style":"default","site-sidebar-style":"default","ast-global-header-display":"","ast-banner-title-visibility":"","ast-main-header-display":"","ast-hfb-above-header-display":"","ast-hfb-below-header-display":"","ast-hfb-mobile-header-display":"","site-post-title":"disabled","ast-breadcrumbs-content":"","ast-featured-img":"disabled","footer-sml-layout":"","ast-disable-related-posts":"","theme-transparent-header-meta":"","adv-header-id-meta":"","stick-header-meta":"","header-above-stick-meta":"","header-main-stick-meta":"","header-below-stick-meta":"","astra-migrate-meta-layouts":"default","ast-page-background-enabled":"default","ast-page-background-meta":{"desktop":{"background-color":"var(--ast-global-color-4)","background-image":"","background-repeat":"repeat","background-position":"center center","background-size":"auto","background-attachment":"scroll","background-type":"","background-media":"","overlay-type":"","overlay-color":"","overlay-opacity":"","overlay-gradient":""},"tablet":{"background-color":"","background-image":"","background-repeat":"repeat","background-position":"center center","background-size":"auto","background-attachment":"scroll","background-type":"","background-media":"","overlay-type":"","overlay-color":"","overlay-opacity":"","overlay-gradient":""},"mobile":{"background-color":"","background-image":"","background-repeat":"repeat","background-position":"center center","background-size":"auto","background-attachment":"scroll","background-type":"","background-media":"","overlay-type":"","overlay-color":"","overlay-opacity":"","overlay-gradient":""}},"ast-content-background-meta":{"desktop":{"background-color":"var(--ast-global-color-5)","background-image":"","background-repeat":"repeat","background-position":"center center","background-size":"auto","background-attachment":"scroll","background-type":"","background-media":"","overlay-type":"","overlay-color":"","overlay-opacity":"","overlay-gradient":""},"tablet":{"background-color":"var(--ast-global-color-5)","background-image":"","background-repeat":"repeat","background-position":"center center","background-size":"auto","background-attachment":"scroll","background-type":"","background-media":"","overlay-type":"","overlay-color":"","overlay-opacity":"","overlay-gradient":""},"mobile":{"background-color":"var(--ast-global-color-5)","background-image":"","background-repeat":"repeat","background-position":"center center","background-size":"auto","background-attachment":"scroll","background-type":"","background-media":"","overlay-type":"","overlay-color":"","overlay-opacity":"","overlay-gradient":""}},"footnotes":""},"class_list":["post-3896","page","type-page","status-publish","hentry"],"_links":{"self":[{"href":"https:\/\/wave4youthwork.eu\/el\/wp-json\/wp\/v2\/pages\/3896","targetHints":{"allow":["GET"]}}],"collection":[{"href":"https:\/\/wave4youthwork.eu\/el\/wp-json\/wp\/v2\/pages"}],"about":[{"href":"https:\/\/wave4youthwork.eu\/el\/wp-json\/wp\/v2\/types\/page"}],"author":[{"embeddable":true,"href":"https:\/\/wave4youthwork.eu\/el\/wp-json\/wp\/v2\/users\/1"}],"replies":[{"embeddable":true,"href":"https:\/\/wave4youthwork.eu\/el\/wp-json\/wp\/v2\/comments?post=3896"}],"version-history":[{"count":3,"href":"https:\/\/wave4youthwork.eu\/el\/wp-json\/wp\/v2\/pages\/3896\/revisions"}],"predecessor-version":[{"id":3901,"href":"https:\/\/wave4youthwork.eu\/el\/wp-json\/wp\/v2\/pages\/3896\/revisions\/3901"}],"wp:attachment":[{"href":"https:\/\/wave4youthwork.eu\/el\/wp-json\/wp\/v2\/media?parent=3896"}],"curies":[{"name":"wp","href":"https:\/\/api.w.org\/{rel}","templated":true}]}}