{"id":2983,"date":"2024-12-16T21:12:37","date_gmt":"2024-12-16T20:12:37","guid":{"rendered":"https:\/\/wave4youthwork.eu\/cookie-richtlinie\/"},"modified":"2024-12-16T21:12:37","modified_gmt":"2024-12-16T20:12:37","slug":"cookie-richtlinie","status":"publish","type":"page","link":"https:\/\/wave4youthwork.eu\/de\/cookie-richtlinie\/","title":{"rendered":"Cookie-Richtlinie"},"content":{"rendered":"<p>Mit dieser Cookie-Richtlinie m\u00f6chten wir erkl\u00e4ren, was Cookies und Cookie-\u00e4hnliche Technologien sind, wie wir und andere Service Provider sie auf dieser Website verwenden, welche Informationen sie sammeln, wie lange und f\u00fcr welche Zwecke wir sie nutzen.<\/p><h2>Inhaltsverzeichnis<\/h2><ul><li><a href=\"#controller-of-the-website\">Verantwortlicher der Website<\/a><\/li><li><a href=\"#diff-to-privacy-policy\">Erg\u00e4nzung der Datenschutz-Richtlinie<\/a><\/li><li><a href=\"#cookie-technology\">Was sind Cookies und \u00e4hnliche Technologien?<\/a><\/li><li><a href=\"#legal-basis\">Was ist die Rechtsgrundlage f\u00fcr das Setzen\/Lesen von Cookies?<\/a><\/li><li><a href=\"#rights-of-visitor\">Welche Rechte hat der Website-Besucher?<\/a><\/li><li><a href=\"#manage-cookies\">Wie verwalte ich Cookies in einem Browser?<\/a><\/li><li><a href=\"#types-of-cookies\">Welche Arten von Cookies gibt es?<\/a><\/li><li><a href=\"#cookies-origin\">Wer kann auf dieser Website Cookies setzen?<\/a><\/li><li><a href=\"#list-of-services\">Welche Cookies werden auf dieser Website verwendet?<\/a><\/li><\/ul><h2 id=\"controller-of-the-website\">Verantwortlicher der Website<\/h2><ul><li><strong>Anbieter: <\/strong>WAVE 4 Youthwork EU, Deutschland<\/li><li><strong>E-Mail: <\/strong><a target=\"_blank\" href=\"mailto:info@wave4youthwork.eu\">info@wave4youthwork.eu<\/a><\/li><li><strong>Telefon: <\/strong><a target=\"_blank\" href=\"tel:+4915165614416\">+4915165614416<\/a><\/li><li><strong>Kontaktformular: <\/strong><a target=\"_blank\" href=\"https:\/\/wave4youthwork.eu\/de\/impressum\/\">wave4youthwork.eu\/de\/impressum\/<\/a><\/li><\/ul><h2 id=\"diff-to-privacy-policy\">Erg\u00e4nzung der Datenschutz-Richtlinie<\/h2><p>Diese Cookie-Richtlinie ist eine Erg\u00e4nzung zur Datenschutzerkl\u00e4rung dieser Website. Die Cookie-Richtlinie legt fest, wie eine Website Cookies verwendet und welche Daten sie damit sammelt, w\u00e4hrend die Datenschutzerkl\u00e4rung einen umfassenderen \u00dcberblick \u00fcber alle Datenverarbeitungsaktivit\u00e4ten auf der Website und dar\u00fcber hinaus bietet.<\/p><h2 id=\"cookie-technology\">Was sind Cookies und \u00e4hnliche Technologien?<\/h2><p>Cookies sind kleine Einheiten von Informationen, \u00e4hnlich wie Textdateien, die auf dem Endger\u00e4t gespeichert und gelesen werden k\u00f6nnen. Sie dienen verschiedenen Zwecken, u. a. der Aufrechterhaltung grundlegender Funktionen der Website, der Sicherheit und des Datenschutzes, der Bereitstellung optionaler Funktionen der Website, der Erfassung statistischer Daten \u00fcber Besucherstr\u00f6me und der Bereitstellung von Marketingsystemen. Praktische Beispiele daf\u00fcr, was in Cookies gespeichert werden kann, sind die Speicherung des Login-Status in Benutzerkonten, der Inhalt von Warenk\u00f6rben in E-Commerce-Plattformen oder eine Nutzer-ID zur Verfolgung des Verhaltens auf der Website.<br \/><br \/>Die Informationen k\u00f6nnen technisch auf verschiedene Arten gespeichert werden. Die bekanntesten Beispiele daf\u00fcr sind HTTP-Cookies und Cookie-\u00e4hnliche Technologien wie der lokale Speicher, der Sitzungsspeicher oder IndexedDB. Jede Art der Speicherung hat unterschiedliche Eigenschaften, welche die technische Handhabung, die Zug\u00e4nglichkeit und die zum Zugriff auf die Informationen berechtigten Verantwortlichen bestimmen. Alle diese Arten der Speicherung werden in der Regel unter dem Begriff \u201eCookies\u201c zusammengefasst und daher in dieser Cookie-Richtlinie auch so genannt.<\/p><h2 id=\"legal-basis\">Was ist die Rechtsgrundlage f\u00fcr das Setzen\/Lesen von Cookies?<\/h2><p>Das Setzen und Auslesen von Cookies ist in der Europ\u00e4ischen Union (EU) und dem Europ\u00e4ischen Wirtschaftsraum (EWR) gem\u00e4\u00df \u00a7 25 TDDDG (Deutschland) und \u00a7 165 TKG (\u00d6sterreich) nur dann zul\u00e4ssig, wenn ein Nutzer seine Einwilligung auf der Grundlage umfassender Informationen \u00fcber die Zwecke der Verarbeitung gegeben hat. Der Website-Betreiber kann auch Cookies setzen, wenn sie unbedingt notwendig sind, um dir als Nutzer den ausdr\u00fccklich angeforderten Service zur Verf\u00fcgung zu stellen, z. B. die grundlegenden Inhalte dieser Website oder andere unbedingt notwendige Cookies f\u00fcr grundlegende Funktionen der Website, die dir ohne deine Einwilligung angezeigt werden.<\/p><h2 id=\"rights-of-visitor\">Welche Rechte hat der Website-Besucher?<\/h2><p>Services und ihre Cookies k\u00f6nnen auf der Rechtsgrundlage deiner Einwilligung oder eines berechtigten Interesses gesetzt und gelesen werden. Als du diese Website zum ersten Mal besucht hast, wurdest du nach deiner Einwilligung gefragt und hattest die M\u00f6glichkeit, der Nutzung bestimmter Services zu widersprechen. Welche Rechtsgrundlage f\u00fcr welchen Service verwendet wird, haben wir in unserem Einwilligungsdialog erkl\u00e4rt.<br \/><br \/>Du hast das Recht, die Historie deiner Entscheidungen einzusehen, deine Datenschutzeinstellungen zu \u00e4ndern, der Nutzung von Services zu widersprechen und deine Einwilligung jederzeit zu widerrufen. Im Folgenden findest du M\u00f6glichkeiten, deine Rechte auszu\u00fcben:<br \/><ul><li><a  href=\"#consent-change\" role=\"button\" id=\"rcb-sc-link-change\" data-success-message=\"\" class=\"rcb-sc-link rcb-sc-link-change \">Privatsph\u00e4re-Einstellungen \u00e4ndern<\/a><\/li><li><a  href=\"#consent-history\" role=\"button\" id=\"rcb-sc-link-history\" data-success-message=\"\" class=\"rcb-sc-link rcb-sc-link-history \">Historie der Privatsph\u00e4re-Einstellungen<\/a><\/li><li><a  href=\"#consent-revoke\" role=\"button\" id=\"rcb-sc-link-revoke\" data-success-message=\"Du hast die Einwilligung f\u00fcr Services mit dessen Cookies und Verarbeitung personenbezogener Daten erfolgreich widerrufen. Die Seite wird jetzt neu geladen!\" class=\"rcb-sc-link rcb-sc-link-revoke \">Revoke consents<\/a><\/li><\/ul><\/p><h2 id=\"manage-cookies\">Wie verwalte ich Cookies in einem Browser?<\/h2><p><ul><li><strong>Wie man Cookies in einem Browser entfernt:<\/strong> Um Cookies von deinem Ger\u00e4t zu entfernen, kannst du die Browserdaten in den Einstellungen deines Browsers l\u00f6schen. Dadurch werden alle Cookies von allen Websites, die du besucht hast, gel\u00f6scht, m\u00f6glicherweise auch die gespeicherten Anmeldedaten und Website-Einstellungen. In einigen Browsern kannst du nur die Cookies und \u00e4hnliche Daten l\u00f6schen, ohne den gesamten Browserverlauf zu l\u00f6schen.<\/li><li><strong>Wie du Cookies in einem Browser kontrollierst:<\/strong> Wenn du eine genauere Kontrolle \u00fcber die Cookies bestimmter Websites haben m\u00f6chtest, gehe zu den Datenschutz- und Cookie-Einstellungen in deinem Browser. Hier kannst du die Einstellungen f\u00fcr die Verwendung von Cookies auf einzelnen Websites anpassen.<\/li><li><strong>Wie man Cookies in einem Browser blockiert:<\/strong> Bei den meisten modernen Browsern kann man in den Einstellungen festlegen, dass keine Cookies auf deinem Ger\u00e4t gespeichert werden. Das Blockieren von Cookies kann jedoch dazu f\u00fchren, dass bestimmte Services und Funktionen nicht richtig funktionieren, z. B. die Anmeldung als Nutzer. F\u00fcr viele Browser gibt es auch Erweiterungen, die das Setzen von Cookies auf Websites blockieren k\u00f6nnen.<\/li><li><strong>Wie man Cookies auf dieser Website verwaltet:<\/strong> Um deine Pr\u00e4ferenzen in Bezug auf Cookies auf dieser Website anzupassen, kannst du deine Einstellungen jederzeit \u00e4ndern, indem du auf den Link im Abschnitt \u201eRechte des Website-Besuchers\u201c klickst.<\/li><\/li><\/ul><p>Weitere Informationen \u00fcber den Umgang mit Cookies findest du unter <a href=\"https:\/\/devowl.io\/de\/rcb\/cookie-handhabung\/\" target=\"_blank\" rel=\"noopener\">devowl.io\/de\/rcb\/cookie-handhabung\/<\/a>.<\/p><\/p><h2 id=\"types-of-cookies\">Welche Arten von Cookies gibt es?<\/h2><p><ul><li><strong>Essenzielle Cookies<\/strong> sind f\u00fcr die grundlegende Funktionalit\u00e4t einer Website unverzichtbar und erm\u00f6glichen Funktionen wie das Speichern von Anmeldeinformationen oder den Zugang zu sicheren Bereichen der Website. Dazu geh\u00f6ren z. B. Sicherheits-Cookies, die einen Bot, der auf der Website nicht erw\u00fcnscht ist, identifizieren k\u00f6nnen, indem sie einen Authentifizierungsschl\u00fcssel in einem Cookie speichern.<\/li><li><strong>Funktionale Cookies<\/strong> verbessern das Nutzererlebnis, indem sie Informationen und Vorlieben wie Spracheinstellungen oder Einstellungen f\u00fcr das Erscheinungsbild der Website speichern, um eine personalisierte Darstellung zu erm\u00f6glichen. Dazu geh\u00f6ren zum Beispiel Pr\u00e4ferenz-Cookies, welche die bevorzugte Videoqualit\u00e4t der Nutzer auf einer Website speichern.<\/li><li><strong>Statistik Cookies<\/strong> sammeln Daten \u00fcber die Nutzung einer Website, um Erkenntnisse \u00fcber das Nutzerverhalten zu gewinnen und die Leistung der Website zu optimieren. Dazu geh\u00f6rt z. B. eine zuf\u00e4llig zugewiesene Nutzer-ID, mit der sich zuordnen l\u00e4sst, ob du eine Unterseite der Website besucht hast.<\/li><li><strong>Marketing Cookies<\/strong> werden verwendet, um das Nutzerverhalten \u00fcber verschiedene Websites hinweg zu verfolgen und um personalisierte Werbung auf der Grundlage der Interessen und des Surfverhaltens der Nutzer anzuzeigen. Dazu geh\u00f6ren z. B. Werbe-Cookies, die eine Interaktion mit einer Werbung auf der Website speichern und an Werbetreibende weiterleiten, oder ein Chat-System f\u00fcr Fragen vor dem Kauf und den Kundensupport.<\/li><\/li><\/ul><\/p><h2 id=\"cookies-origin\">Wer kann auf dieser Website Cookies setzen?<\/h2><p>Auf dieser Website k\u00f6nnen sowohl der Betreiber der Website als auch Dienste Dritter, die auf dieser Website genutzt werden, Cookies setzen und auf deren Inhalte zugreifen. Wer auf welche Cookies und deren Inhalte zugreifen kann, unterscheidet sich zwischen First-Party- und Third-Party-Cookies. First-Party-Cookies werden von der besuchten Website erstellt und k\u00f6nnen nur vom Betreiber der Website und den integrierten Diensten Dritter auf dieser Website gelesen werden. Third-Party-Cookies werden in der Regel von Drittanbieter-Diensten auf anderen Domains gesetzt, k\u00f6nnen auf allen Websites gelesen werden, auf denen der Service, der die Domain steuert, eingebettet ist, und werden z. B. von Werbenetzwerken verwendet, um das Nutzerverhalten \u00fcber verschiedene Websites hinweg zu verfolgen und personalisierte Werbung anzubieten.<\/p><h2 id=\"list-of-services\">Welche Cookies werden auf dieser Website verwendet?<\/h2><script type=\"application\/json\">{\"search\":{\"placeholder\":\"Suche...\"},\"sort\":{\"sortAsc\":\"Spalte aufsteigend sortieren\",\"sortDesc\":\"Spalte absteigend sortieren\"},\"pagination\":{\"previous\":\"Vorherige\",\"next\":\"N\\u00e4chste\",\"navigate\":\"Seite %1$d von %2$d\",\"page\":\"Seite %d\",\"showing\":\"Anzeigen\",\"of\":\"von\",\"to\":\"zu\",\"results\":\"Ergebnisse\"},\"noRecordsFound\":\"Keine passenden Eintr\\u00e4ge gefunden\"}<\/script><table  class=\"devowl-wp-react-cookie-banner-cookie-policy\"><thead><tr><th width=\"200px\" scope=\"col\">Kategorie<\/th><th width=\"400px\" scope=\"col\">Technischer Cookie Name<\/th><th width=\"400px\" scope=\"col\">Technischer Cookie Host<\/th><th width=\"400px\" scope=\"col\">Service<\/th><th width=\"250px\" scope=\"col\">Dauer<\/th><th width=\"200px\" scope=\"col\">Typ<\/th><th width=\"550px\" scope=\"col\">Zweck<\/th><\/tr><\/thead><tbody><tr><td>Essenziell<\/td><td>wp-wpml_current_language<\/td><td>wave4youthwork.eu<\/td><td>WPML<\/td><td>1 Tag<\/td><td>HTTP Cookie<\/td><td>Aktuelle Sprache<\/td><\/tr><tr><td>Essenziell<\/td><td>wp-wpml_current_admin_language_*<\/td><td>wave4youthwork.eu<\/td><td>WPML<\/td><td>-<\/td><td>IndexedDB<\/td><td>Sprache des WordPress-Administrationsbereichs<\/td><\/tr><tr><td>Essenziell<\/td><td>wpml_browser_redirect_test<\/td><td>wave4youthwork.eu<\/td><td>WPML<\/td><td>Session<\/td><td>HTTP Cookie<\/td><td>Pr\u00fcft, ob Cookies gesetzt werden k\u00f6nnen oder nicht<\/td><\/tr><tr><td>Essenziell<\/td><td>_icl_visitor_lang_js<\/td><td>wave4youthwork.eu<\/td><td>WPML<\/td><td>Session<\/td><td>HTTP Cookie<\/td><td>Sprache, von der aus eine Weiterleitung erfolgte<\/td><\/tr><tr><td>Essenziell<\/td><td>elementor<\/td><td>https:\/\/wave4youthwork.eu<\/td><td>Elementor<\/td><td>-<\/td><td>Local Storage<\/td><td>-<\/td><\/tr><tr><td>Essenziell<\/td><td>elementor<\/td><td>https:\/\/wave4youthwork.eu<\/td><td>Elementor<\/td><td>SESSION<\/td><td>Session Storage<\/td><td>-<\/td><\/tr><\/tbody><\/table><p>Die Cookie-Richtlinie wurde zuletzt am 20. Januar 2026 aktualisiert.<\/p>\n\n","protected":false},"excerpt":{"rendered":"","protected":false},"author":1,"featured_media":0,"parent":0,"menu_order":0,"comment_status":"closed","ping_status":"closed","template":"","meta":{"site-sidebar-layout":"default","site-content-layout":"","ast-site-content-layout":"default","site-content-style":"default","site-sidebar-style":"default","ast-global-header-display":"","ast-banner-title-visibility":"","ast-main-header-display":"","ast-hfb-above-header-display":"","ast-hfb-below-header-display":"","ast-hfb-mobile-header-display":"","site-post-title":"","ast-breadcrumbs-content":"","ast-featured-img":"","footer-sml-layout":"","ast-disable-related-posts":"","theme-transparent-header-meta":"","adv-header-id-meta":"","stick-header-meta":"","header-above-stick-meta":"","header-main-stick-meta":"","header-below-stick-meta":"","astra-migrate-meta-layouts":"default","ast-page-background-enabled":"default","ast-page-background-meta":{"desktop":{"background-color":"var(--ast-global-color-4)","background-image":"","background-repeat":"repeat","background-position":"center center","background-size":"auto","background-attachment":"scroll","background-type":"","background-media":"","overlay-type":"","overlay-color":"","overlay-opacity":"","overlay-gradient":""},"tablet":{"background-color":"","background-image":"","background-repeat":"repeat","background-position":"center center","background-size":"auto","background-attachment":"scroll","background-type":"","background-media":"","overlay-type":"","overlay-color":"","overlay-opacity":"","overlay-gradient":""},"mobile":{"background-color":"","background-image":"","background-repeat":"repeat","background-position":"center center","background-size":"auto","background-attachment":"scroll","background-type":"","background-media":"","overlay-type":"","overlay-color":"","overlay-opacity":"","overlay-gradient":""}},"ast-content-background-meta":{"desktop":{"background-color":"var(--ast-global-color-5)","background-image":"","background-repeat":"repeat","background-position":"center center","background-size":"auto","background-attachment":"scroll","background-type":"","background-media":"","overlay-type":"","overlay-color":"","overlay-opacity":"","overlay-gradient":""},"tablet":{"background-color":"var(--ast-global-color-5)","background-image":"","background-repeat":"repeat","background-position":"center center","background-size":"auto","background-attachment":"scroll","background-type":"","background-media":"","overlay-type":"","overlay-color":"","overlay-opacity":"","overlay-gradient":""},"mobile":{"background-color":"var(--ast-global-color-5)","background-image":"","background-repeat":"repeat","background-position":"center center","background-size":"auto","background-attachment":"scroll","background-type":"","background-media":"","overlay-type":"","overlay-color":"","overlay-opacity":"","overlay-gradient":""}},"footnotes":""},"class_list":["post-2983","page","type-page","status-publish","hentry"],"_links":{"self":[{"href":"https:\/\/wave4youthwork.eu\/de\/wp-json\/wp\/v2\/pages\/2983","targetHints":{"allow":["GET"]}}],"collection":[{"href":"https:\/\/wave4youthwork.eu\/de\/wp-json\/wp\/v2\/pages"}],"about":[{"href":"https:\/\/wave4youthwork.eu\/de\/wp-json\/wp\/v2\/types\/page"}],"author":[{"embeddable":true,"href":"https:\/\/wave4youthwork.eu\/de\/wp-json\/wp\/v2\/users\/1"}],"replies":[{"embeddable":true,"href":"https:\/\/wave4youthwork.eu\/de\/wp-json\/wp\/v2\/comments?post=2983"}],"version-history":[{"count":0,"href":"https:\/\/wave4youthwork.eu\/de\/wp-json\/wp\/v2\/pages\/2983\/revisions"}],"wp:attachment":[{"href":"https:\/\/wave4youthwork.eu\/de\/wp-json\/wp\/v2\/media?parent=2983"}],"curies":[{"name":"wp","href":"https:\/\/api.w.org\/{rel}","templated":true}]}}