{"id":2323,"date":"2024-11-19T12:39:13","date_gmt":"2024-11-19T11:39:13","guid":{"rendered":"https:\/\/wave4youthwork.eu\/?page_id=2323"},"modified":"2025-11-24T10:30:37","modified_gmt":"2025-11-24T09:30:37","slug":"impressum","status":"publish","type":"page","link":"https:\/\/wave4youthwork.eu\/de\/impressum\/","title":{"rendered":"Impressum"},"content":{"rendered":"\t\t<div data-elementor-type=\"wp-page\" data-elementor-id=\"2323\" class=\"elementor elementor-2323\" data-elementor-post-type=\"page\">\n\t\t\t\t<div class=\"elementor-element elementor-element-ef4e78c e-flex e-con-boxed e-con e-parent\" data-id=\"ef4e78c\" data-element_type=\"container\" data-e-type=\"container\">\n\t\t\t\t\t<div class=\"e-con-inner\">\n\t\t\t\t<div class=\"elementor-element elementor-element-2445771 elementor-absolute elementor-widget elementor-widget-button\" data-id=\"2445771\" data-element_type=\"widget\" data-e-type=\"widget\" data-settings=\"{&quot;_position&quot;:&quot;absolute&quot;,&quot;sticky&quot;:&quot;top&quot;,&quot;sticky_on&quot;:[&quot;desktop&quot;,&quot;tablet&quot;,&quot;mobile&quot;],&quot;sticky_offset&quot;:0,&quot;sticky_effects_offset&quot;:0,&quot;sticky_anchor_link_offset&quot;:0}\" data-widget_type=\"button.default\">\n\t\t\t\t<div class=\"elementor-widget-container\">\n\t\t\t\t\t\t\t\t\t<div class=\"elementor-button-wrapper\">\n\t\t\t\t\t<a class=\"elementor-button elementor-button-link elementor-size-sm elementor-animation-shrink\" href=\"https:\/\/wave4youthwork.eu\/de\/\">\n\t\t\t\t\t\t<span class=\"elementor-button-content-wrapper\">\n\t\t\t\t\t\t\t\t\t<span class=\"elementor-button-text\">zur Startseite<\/span>\n\t\t\t\t\t<\/span>\n\t\t\t\t\t<\/a>\n\t\t\t\t<\/div>\n\t\t\t\t\t\t\t\t<\/div>\n\t\t\t\t<\/div>\n\t\t\t\t<div class=\"elementor-element elementor-element-5be54dc elementor-widget elementor-widget-text-editor\" data-id=\"5be54dc\" data-element_type=\"widget\" data-e-type=\"widget\" data-widget_type=\"text-editor.default\">\n\t\t\t\t<div class=\"elementor-widget-container\">\n\t\t\t\t\t\t\t\t\t<h1>Impressum<\/h1>\n\n<p>Jama Nyeta e.V. \u2013\u00a0Gemeinsam entwickeln \u2013 Unterstu\u0308tzen \u2013 Neues Schaffen<br \/>\nGoebenstra\u00dfe 10<br \/>\n50672 K\u00f6ln<\/p>\n\n<p>Vereinsregister: [Nummer des Registereintrags]<br \/>\nRegistergericht: [Name des Registergerichts]<\/p>\n\n<p><strong>Vertreten durch:<\/strong><br \/>\nGemeinschaftlich vertretungsberechtigt:<br \/>\nGesch\u00e4ftsfu\u0308hrer: Mouhamadou Sissoko<\/p>\n\n<h2>Kontakt<\/h2>\n<p>Telefon: +49 (0) 221 7099 4522<br \/>\nE-Mail: info@jamanyeta.org<\/p>\n\n<h2>Redaktionell verantwortlich<\/h2>\n<p>Mouhamadou Sissoko (Gesch\u00e4ftsfu\u0308hrer)<br \/>\nGoebenstra\u00dfe 10-12<br \/>\n50672 K\u00f6ln<\/p>\n\n<h2>EU-Streitschlichtung<\/h2>\n<p>Die Europ\u00e4ische Kommission stellt eine Plattform zur Online-Streitbeilegung (OS) bereit: <a href=\"https:\/\/ec.europa.eu\/consumers\/odr\/\" target=\"_blank\" rel=\"noopener noreferrer\">https:\/\/ec.europa.eu\/consumers\/odr\/<\/a>.<br \/> Unsere E-Mail-Adresse finden Sie oben im Impressum.<\/p>\n\n<h2>Verbraucher\u00adstreit\u00adbeilegung\/Universal\u00adschlichtungs\u00adstelle<\/h2>\n<p>Wir sind nicht bereit oder verpflichtet, an Streitbeilegungsverfahren vor einer Verbraucherschlichtungsstelle teilzunehmen.<\/p>\t\t\t\t\t\t\t\t<\/div>\n\t\t\t\t<\/div>\n\t\t\t\t<div class=\"elementor-element elementor-element-54ccbfa elementor-widget elementor-widget-text-editor\" data-id=\"54ccbfa\" data-element_type=\"widget\" data-e-type=\"widget\" data-widget_type=\"text-editor.default\">\n\t\t\t\t<div class=\"elementor-widget-container\">\n\t\t\t\t\t\t\t\t\t<p><strong>Grafische Konzeption, Gestaltung und Umsetzung:<\/strong><br \/><a href=\"https:\/\/weckdesign.de\/\" target=\"_blank\" rel=\"noreferrer noopener\">www.weckdesign.de<\/a>, Frederik Weck<\/p>\t\t\t\t\t\t\t\t<\/div>\n\t\t\t\t<\/div>\n\t\t\t\t\t<\/div>\n\t\t\t\t<\/div>\n\t\t\t\t<\/div>\n\t\t","protected":false},"excerpt":{"rendered":"<p>zur Startseite Impressum Jama Nyeta e.V. \u2013\u00a0Gemeinsam entwickeln \u2013 Unterstu\u0308tzen \u2013 Neues Schaffen Goebenstra\u00dfe 10 50672 K\u00f6ln Vereinsregister: [Nummer des Registereintrags] Registergericht: [Name des Registergerichts] Vertreten durch: Gemeinschaftlich vertretungsberechtigt: Gesch\u00e4ftsfu\u0308hrer: Mouhamadou Sissoko Kontakt Telefon: +49 (0) 221 7099 4522 E-Mail: info@jamanyeta.org Redaktionell verantwortlich Mouhamadou Sissoko (Gesch\u00e4ftsfu\u0308hrer) Goebenstra\u00dfe 10-12 50672 K\u00f6ln EU-Streitschlichtung Die Europ\u00e4ische Kommission stellt [&hellip;]<\/p>\n","protected":false},"author":1,"featured_media":0,"parent":0,"menu_order":0,"comment_status":"closed","ping_status":"closed","template":"elementor_canvas","meta":{"site-sidebar-layout":"no-sidebar","site-content-layout":"page-builder","ast-site-content-layout":"full-width-container","site-content-style":"default","site-sidebar-style":"default","ast-global-header-display":"","ast-banner-title-visibility":"","ast-main-header-display":"","ast-hfb-above-header-display":"","ast-hfb-below-header-display":"","ast-hfb-mobile-header-display":"","site-post-title":"disabled","ast-breadcrumbs-content":"","ast-featured-img":"disabled","footer-sml-layout":"","ast-disable-related-posts":"","theme-transparent-header-meta":"","adv-header-id-meta":"","stick-header-meta":"","header-above-stick-meta":"","header-main-stick-meta":"","header-below-stick-meta":"","astra-migrate-meta-layouts":"set","ast-page-background-enabled":"default","ast-page-background-meta":{"desktop":{"background-color":"var(--ast-global-color-4)","background-image":"","background-repeat":"repeat","background-position":"center center","background-size":"auto","background-attachment":"scroll","background-type":"","background-media":"","overlay-type":"","overlay-color":"","overlay-opacity":"","overlay-gradient":""},"tablet":{"background-color":"","background-image":"","background-repeat":"repeat","background-position":"center center","background-size":"auto","background-attachment":"scroll","background-type":"","background-media":"","overlay-type":"","overlay-color":"","overlay-opacity":"","overlay-gradient":""},"mobile":{"background-color":"","background-image":"","background-repeat":"repeat","background-position":"center center","background-size":"auto","background-attachment":"scroll","background-type":"","background-media":"","overlay-type":"","overlay-color":"","overlay-opacity":"","overlay-gradient":""}},"ast-content-background-meta":{"desktop":{"background-color":"var(--ast-global-color-5)","background-image":"","background-repeat":"repeat","background-position":"center center","background-size":"auto","background-attachment":"scroll","background-type":"","background-media":"","overlay-type":"","overlay-color":"","overlay-opacity":"","overlay-gradient":""},"tablet":{"background-color":"var(--ast-global-color-5)","background-image":"","background-repeat":"repeat","background-position":"center center","background-size":"auto","background-attachment":"scroll","background-type":"","background-media":"","overlay-type":"","overlay-color":"","overlay-opacity":"","overlay-gradient":""},"mobile":{"background-color":"var(--ast-global-color-5)","background-image":"","background-repeat":"repeat","background-position":"center center","background-size":"auto","background-attachment":"scroll","background-type":"","background-media":"","overlay-type":"","overlay-color":"","overlay-opacity":"","overlay-gradient":""}},"footnotes":""},"class_list":["post-2323","page","type-page","status-publish","hentry"],"_links":{"self":[{"href":"https:\/\/wave4youthwork.eu\/de\/wp-json\/wp\/v2\/pages\/2323","targetHints":{"allow":["GET"]}}],"collection":[{"href":"https:\/\/wave4youthwork.eu\/de\/wp-json\/wp\/v2\/pages"}],"about":[{"href":"https:\/\/wave4youthwork.eu\/de\/wp-json\/wp\/v2\/types\/page"}],"author":[{"embeddable":true,"href":"https:\/\/wave4youthwork.eu\/de\/wp-json\/wp\/v2\/users\/1"}],"replies":[{"embeddable":true,"href":"https:\/\/wave4youthwork.eu\/de\/wp-json\/wp\/v2\/comments?post=2323"}],"version-history":[{"count":10,"href":"https:\/\/wave4youthwork.eu\/de\/wp-json\/wp\/v2\/pages\/2323\/revisions"}],"predecessor-version":[{"id":3558,"href":"https:\/\/wave4youthwork.eu\/de\/wp-json\/wp\/v2\/pages\/2323\/revisions\/3558"}],"wp:attachment":[{"href":"https:\/\/wave4youthwork.eu\/de\/wp-json\/wp\/v2\/media?parent=2323"}],"curies":[{"name":"wp","href":"https:\/\/api.w.org\/{rel}","templated":true}]}}